{"id":936,"date":"2023-10-18T22:32:28","date_gmt":"2023-10-18T20:32:28","guid":{"rendered":"https:\/\/cimof.fr\/?page_id=936"},"modified":"2023-12-05T14:29:09","modified_gmt":"2023-12-05T13:29:09","slug":"pet-scanners","status":"publish","type":"page","link":"https:\/\/www.cimof.fr\/en\/pet-scanners\/","title":{"rendered":"PET Scanners"},"content":{"rendered":"\n<h2 class=\"wp-block-heading\" id=\"FDG\">TEP FDG <\/h2>\n\n\n\n<div class=\"wp-block-columns is-layout-flex wp-container-core-columns-is-layout-9d6595d7 wp-block-columns-is-layout-flex\">\n<div class=\"wp-block-column is-layout-flow wp-block-column-is-layout-flow\">\n<div class=\"wp-block-group is-style-background-green\"><div class=\"wp-block-group__inner-container is-layout-constrained wp-block-group-is-layout-constrained\">\n<h3 class=\"wp-block-heading\">TEP FDG standard<\/h3>\n\n\n\n<p>Il permet d\u2019analyser le m\u00e9tabolisme glucidique, c\u2019est-\u00e0-dire le fonctionnement des cellules, dans diff\u00e9rentes pathologies, <strong>canc\u00e9reuses<\/strong>, <strong>infectieuses<\/strong> ou <strong>inflammatoires<\/strong>. Cet examen est aussi utilis\u00e9 pour l&#8217;exploration du <strong>cerveau<\/strong> et des troubles de la m\u00e9moire.<\/p>\n\n\n\n<div class=\"wp-block-buttons is-layout-flex wp-block-buttons-is-layout-flex\">\n<div class=\"wp-block-button is-style-btn-red-arrow\"><a class=\"wp-block-button__link wp-element-button\" href=\"https:\/\/cimof.fr\/tep-fdg-standard\/\">En savoir plus<\/a><\/div>\n<\/div>\n<\/div><\/div>\n<\/div>\n\n\n\n<div class=\"wp-block-column is-layout-flow wp-block-column-is-layout-flow\">\n<div class=\"wp-block-group is-style-background-green\"><div class=\"wp-block-group__inner-container is-layout-constrained wp-block-group-is-layout-constrained\">\n<h3 class=\"wp-block-heading\">TEP FDG avec produit de contraste iod\u00e9<\/h3>\n\n\n\n<p>Le principe est le m\u00eame qu&#8217;une TEP FDG classique, avec la particularit\u00e9 d&#8217;\u00eatre associ\u00e9e \u00e0 un scanner avec injection de <strong>produit de contraste iod\u00e9<\/strong> pour mieux localiser anatomiquement les \u00e9ventuelles anomalies (contre-indiqu\u00e9 en cas d&#8217;allergie)<\/p>\n\n\n\n<div class=\"wp-block-buttons is-layout-flex wp-block-buttons-is-layout-flex\">\n<div class=\"wp-block-button is-style-btn-red-arrow\"><a class=\"wp-block-button__link wp-element-button\" href=\"https:\/\/cimof.fr\/tep-fdg-avec-produit-de-contraste\/\">En savoir plus<\/a><\/div>\n<\/div>\n<\/div><\/div>\n<\/div>\n\n\n\n<div class=\"wp-block-column is-layout-flow wp-block-column-is-layout-flow\">\n<div class=\"wp-block-group is-style-background-green\"><div class=\"wp-block-group__inner-container is-layout-constrained wp-block-group-is-layout-constrained\">\n<h3 class=\"wp-block-heading\">TEP FDG avec r\u00e9gime cardiaque<\/h3>\n\n\n\n<p>Il permet d\u2019analyser le m\u00e9tabolisme glucidique avec un r\u00e9gime particulier afin d&#8217;am\u00e9liorer l&#8217;analyse du <strong>c\u0153ur<\/strong><\/p>\n\n\n\n<div class=\"wp-block-buttons is-layout-flex wp-block-buttons-is-layout-flex\">\n<div class=\"wp-block-button is-style-btn-red-arrow\"><a class=\"wp-block-button__link wp-element-button\" href=\"https:\/\/cimof.fr\/tep-fdg-avec-regime-cardiaque\/\">En savoir plus<\/a><\/div>\n<\/div>\n<\/div><\/div>\n<\/div>\n<\/div>\n\n\n\n<h2 class=\"wp-block-heading\" id=\"Choline\">TEP Choline et PSMA<\/h2>\n\n\n\n<div class=\"wp-block-columns is-layout-flex wp-container-core-columns-is-layout-9d6595d7 wp-block-columns-is-layout-flex\">\n<div class=\"wp-block-column is-layout-flow wp-block-column-is-layout-flow\">\n<div class=\"wp-block-group is-style-background-blue\"><div class=\"wp-block-group__inner-container is-layout-constrained wp-block-group-is-layout-constrained\">\n<h3 class=\"wp-block-heading\">TEP choline<\/h3>\n\n\n\n<p>Cet examen permet d\u2019analyser le m\u00e9tabolisme cellulaire en cas de pathologie de la <strong>prostate<\/strong> ou des glandes <strong>parathyro\u00efdes<\/strong><\/p>\n\n\n\n<div class=\"wp-block-buttons is-layout-flex wp-block-buttons-is-layout-flex\">\n<div class=\"wp-block-button is-style-btn-red-arrow\"><a class=\"wp-block-button__link wp-element-button\" href=\"https:\/\/cimof.fr\/scintigraphie-tep-fdg\/\" target=\"_blank\" rel=\"noreferrer noopener\">En savoir plus<\/a><\/div>\n<\/div>\n<\/div><\/div>\n<\/div>\n\n\n\n<div class=\"wp-block-column is-layout-flow wp-block-column-is-layout-flow\">\n<div class=\"wp-block-group is-style-background-blue\"><div class=\"wp-block-group__inner-container is-layout-constrained wp-block-group-is-layout-constrained\">\n<h3 class=\"wp-block-heading\">TEP PSMA<\/h3>\n\n\n\n<p>Cet examen permet de rechercher la localisation d&#8217;une <strong>r\u00e9cidive biologique <\/strong>en cas de cancer prostatique avec \u00e9l\u00e9vation du PSA. Plus exceptionnellement il est envisag\u00e9 en cas de projet de th\u00e9rapie vectoris\u00e9e par PSMA-Lu. <\/p>\n\n\n\n<div class=\"wp-block-buttons is-layout-flex wp-block-buttons-is-layout-flex\">\n<div class=\"wp-block-button is-style-btn-red-arrow\"><a class=\"wp-block-button__link wp-element-button\" href=\"https:\/\/cimof.fr\/tep-psma\/\">En savoir plus<\/a><\/div>\n<\/div>\n<\/div><\/div>\n<\/div>\n\n\n\n<div class=\"wp-block-column is-layout-flow wp-block-column-is-layout-flow\"><\/div>\n<\/div>\n\n\n\n<div class=\"wp-block-columns is-layout-flex wp-container-core-columns-is-layout-9d6595d7 wp-block-columns-is-layout-flex\">\n<div class=\"wp-block-column is-layout-flow wp-block-column-is-layout-flow\"><\/div>\n<\/div>\n\n\n\n<h2 class=\"wp-block-heading\" id=\"F-DOPA\">TEP F-DOPA et DOTATOC<\/h2>\n\n\n\n<div class=\"wp-block-columns is-layout-flex wp-container-core-columns-is-layout-9d6595d7 wp-block-columns-is-layout-flex\">\n<div class=\"wp-block-column is-layout-flow wp-block-column-is-layout-flow\">\n<div class=\"wp-block-group is-style-background-orange\"><div class=\"wp-block-group__inner-container is-layout-constrained wp-block-group-is-layout-constrained\">\n<h3 class=\"wp-block-heading\">TEP F-DOPA<\/h3>\n\n\n\n<p>Cet examen permet d\u2019analyser et de rechercher des pathologies de type <strong>neuro-endocrines <\/strong>diff\u00e9renci\u00e9e<\/p>\n\n\n\n<div class=\"wp-block-buttons is-layout-flex wp-block-buttons-is-layout-flex\">\n<div class=\"wp-block-button is-style-btn-red-arrow\"><a class=\"wp-block-button__link wp-element-button\" href=\"https:\/\/cimof.fr\/tep-f-dopa\/\">En savoir plus<\/a><\/div>\n<\/div>\n<\/div><\/div>\n<\/div>\n\n\n\n<div class=\"wp-block-column is-layout-flow wp-block-column-is-layout-flow\">\n<div class=\"wp-block-group is-style-background-orange\"><div class=\"wp-block-group__inner-container is-layout-constrained wp-block-group-is-layout-constrained\">\n<h3 class=\"wp-block-heading\">TEP DOTATOC<\/h3>\n\n\n\n<p>Cet examen permet la recherche des cellules tumorales neuro-endocrines bien diff\u00e9renci\u00e9es. Plus exceptionnellement il est envisag\u00e9 en cas de projet de th\u00e9rapie vectoris\u00e9e par DOTATATE-Lu.  <\/p>\n\n\n\n<div class=\"wp-block-buttons is-layout-flex wp-block-buttons-is-layout-flex\">\n<div class=\"wp-block-button is-style-btn-red-arrow\"><a class=\"wp-block-button__link wp-element-button\" href=\"https:\/\/cimof.fr\/tep-dotatoc\/\">En savoir plus<\/a><\/div>\n<\/div>\n<\/div><\/div>\n<\/div>\n\n\n\n<div class=\"wp-block-column is-layout-flow wp-block-column-is-layout-flow\"><\/div>\n<\/div>\n\n\n\n<div class=\"wp-block-columns is-layout-flex wp-container-core-columns-is-layout-9d6595d7 wp-block-columns-is-layout-flex\">\n<div class=\"wp-block-column is-layout-flow wp-block-column-is-layout-flow\"><\/div>\n\n\n\n<div class=\"wp-block-column is-layout-flow wp-block-column-is-layout-flow\"><\/div>\n<\/div>\n","protected":false},"excerpt":{"rendered":"<p>TEP FDG TEP FDG standard Il permet d\u2019analyser le m\u00e9tabolisme glucidique, c\u2019est-\u00e0-dire le fonctionnement des cellules, dans diff\u00e9rentes pathologies, canc\u00e9reuses, [&hellip;]<\/p>\n","protected":false},"author":1,"featured_media":1120,"parent":0,"menu_order":0,"comment_status":"closed","ping_status":"closed","template":"","meta":{"footnotes":""},"class_list":["post-936","page","type-page","status-publish","has-post-thumbnail","hentry"],"yoast_head":"<!-- This site is optimized with the Yoast SEO plugin v27.3 - https:\/\/yoast.com\/product\/yoast-seo-wordpress\/ -->\n<title>PET Scanners - CIMOF - Services de M\u00e9decine Nucl\u00e9aire de Toulouse<\/title>\n<meta name=\"robots\" content=\"index, follow, max-snippet:-1, max-image-preview:large, max-video-preview:-1\" \/>\n<link rel=\"canonical\" href=\"https:\/\/www.cimof.fr\/tep-scan\/\" \/>\n<meta property=\"og:locale\" content=\"en_US\" \/>\n<meta property=\"og:type\" content=\"article\" \/>\n<meta property=\"og:title\" content=\"PET Scanners - CIMOF - Services de M\u00e9decine Nucl\u00e9aire de Toulouse\" \/>\n<meta property=\"og:description\" content=\"TEP FDG TEP FDG standard Il permet d\u2019analyser le m\u00e9tabolisme glucidique, c\u2019est-\u00e0-dire le fonctionnement des cellules, dans diff\u00e9rentes pathologies, canc\u00e9reuses, [&hellip;]\" \/>\n<meta property=\"og:url\" content=\"https:\/\/www.cimof.fr\/tep-scan\/\" \/>\n<meta property=\"og:site_name\" content=\"CIMOF - Services de M\u00e9decine Nucl\u00e9aire de Toulouse\" \/>\n<meta property=\"article:modified_time\" content=\"2023-12-05T13:29:09+00:00\" \/>\n<meta name=\"twitter:card\" content=\"summary_large_image\" \/>\n<meta name=\"twitter:label1\" content=\"Est. reading time\" \/>\n\t<meta name=\"twitter:data1\" content=\"1 minute\" \/>\n<script type=\"application\/ld+json\" class=\"yoast-schema-graph\">{\"@context\":\"https:\\\/\\\/schema.org\",\"@graph\":[{\"@type\":\"WebPage\",\"@id\":\"https:\\\/\\\/www.cimof.fr\\\/tep-scan\\\/\",\"url\":\"https:\\\/\\\/www.cimof.fr\\\/tep-scan\\\/\",\"name\":\"PET Scanners - CIMOF - Services de M\u00e9decine Nucl\u00e9aire de Toulouse\",\"isPartOf\":{\"@id\":\"https:\\\/\\\/www.cimof.fr\\\/#website\"},\"primaryImageOfPage\":{\"@id\":\"https:\\\/\\\/www.cimof.fr\\\/tep-scan\\\/#primaryimage\"},\"image\":{\"@id\":\"https:\\\/\\\/www.cimof.fr\\\/tep-scan\\\/#primaryimage\"},\"thumbnailUrl\":\"https:\\\/\\\/www.cimof.fr\\\/wp-content\\\/uploads\\\/2023\\\/12\\\/AdobeStock_533664969-scaled.jpeg\",\"datePublished\":\"2023-10-18T20:32:28+00:00\",\"dateModified\":\"2023-12-05T13:29:09+00:00\",\"breadcrumb\":{\"@id\":\"https:\\\/\\\/www.cimof.fr\\\/tep-scan\\\/#breadcrumb\"},\"inLanguage\":\"en-US\",\"potentialAction\":[{\"@type\":\"ReadAction\",\"target\":[\"https:\\\/\\\/www.cimof.fr\\\/tep-scan\\\/\"]}]},{\"@type\":\"ImageObject\",\"inLanguage\":\"en-US\",\"@id\":\"https:\\\/\\\/www.cimof.fr\\\/tep-scan\\\/#primaryimage\",\"url\":\"https:\\\/\\\/www.cimof.fr\\\/wp-content\\\/uploads\\\/2023\\\/12\\\/AdobeStock_533664969-scaled.jpeg\",\"contentUrl\":\"https:\\\/\\\/www.cimof.fr\\\/wp-content\\\/uploads\\\/2023\\\/12\\\/AdobeStock_533664969-scaled.jpeg\",\"width\":2560,\"height\":1451},{\"@type\":\"BreadcrumbList\",\"@id\":\"https:\\\/\\\/www.cimof.fr\\\/tep-scan\\\/#breadcrumb\",\"itemListElement\":[{\"@type\":\"ListItem\",\"position\":1,\"name\":\"Accueil\",\"item\":\"https:\\\/\\\/www.cimof.fr\\\/en\\\/\"},{\"@type\":\"ListItem\",\"position\":2,\"name\":\"PET Scanners\"}]},{\"@type\":\"WebSite\",\"@id\":\"https:\\\/\\\/www.cimof.fr\\\/#website\",\"url\":\"https:\\\/\\\/www.cimof.fr\\\/\",\"name\":\"CIMOF - Services de M\u00e9decine Nucl\u00e9aire de Toulouse\",\"description\":\"\",\"publisher\":{\"@id\":\"https:\\\/\\\/www.cimof.fr\\\/#organization\"},\"potentialAction\":[{\"@type\":\"SearchAction\",\"target\":{\"@type\":\"EntryPoint\",\"urlTemplate\":\"https:\\\/\\\/www.cimof.fr\\\/?s={search_term_string}\"},\"query-input\":{\"@type\":\"PropertyValueSpecification\",\"valueRequired\":true,\"valueName\":\"search_term_string\"}}],\"inLanguage\":\"en-US\"},{\"@type\":\"Organization\",\"@id\":\"https:\\\/\\\/www.cimof.fr\\\/#organization\",\"name\":\"CIMOF - Services de M\u00e9decine Nucl\u00e9aire de Toulouse\",\"url\":\"https:\\\/\\\/www.cimof.fr\\\/\",\"logo\":{\"@type\":\"ImageObject\",\"inLanguage\":\"en-US\",\"@id\":\"https:\\\/\\\/www.cimof.fr\\\/#\\\/schema\\\/logo\\\/image\\\/\",\"url\":\"https:\\\/\\\/www.cimof.fr\\\/wp-content\\\/uploads\\\/2023\\\/10\\\/logo_cimof.png\",\"contentUrl\":\"https:\\\/\\\/www.cimof.fr\\\/wp-content\\\/uploads\\\/2023\\\/10\\\/logo_cimof.png\",\"width\":4111,\"height\":1347,\"caption\":\"CIMOF - Services de M\u00e9decine Nucl\u00e9aire de Toulouse\"},\"image\":{\"@id\":\"https:\\\/\\\/www.cimof.fr\\\/#\\\/schema\\\/logo\\\/image\\\/\"}}]}<\/script>\n<!-- \/ Yoast SEO plugin. -->","yoast_head_json":{"title":"PET Scanners - CIMOF - Services de M\u00e9decine Nucl\u00e9aire de Toulouse","robots":{"index":"index","follow":"follow","max-snippet":"max-snippet:-1","max-image-preview":"max-image-preview:large","max-video-preview":"max-video-preview:-1"},"canonical":"https:\/\/www.cimof.fr\/tep-scan\/","og_locale":"en_US","og_type":"article","og_title":"PET Scanners - CIMOF - Services de M\u00e9decine Nucl\u00e9aire de Toulouse","og_description":"TEP FDG TEP FDG standard Il permet d\u2019analyser le m\u00e9tabolisme glucidique, c\u2019est-\u00e0-dire le fonctionnement des cellules, dans diff\u00e9rentes pathologies, canc\u00e9reuses, [&hellip;]","og_url":"https:\/\/www.cimof.fr\/tep-scan\/","og_site_name":"CIMOF - Services de M\u00e9decine Nucl\u00e9aire de Toulouse","article_modified_time":"2023-12-05T13:29:09+00:00","twitter_card":"summary_large_image","twitter_misc":{"Est. reading time":"1 minute"},"schema":{"@context":"https:\/\/schema.org","@graph":[{"@type":"WebPage","@id":"https:\/\/www.cimof.fr\/tep-scan\/","url":"https:\/\/www.cimof.fr\/tep-scan\/","name":"PET Scanners - CIMOF - Services de M\u00e9decine Nucl\u00e9aire de Toulouse","isPartOf":{"@id":"https:\/\/www.cimof.fr\/#website"},"primaryImageOfPage":{"@id":"https:\/\/www.cimof.fr\/tep-scan\/#primaryimage"},"image":{"@id":"https:\/\/www.cimof.fr\/tep-scan\/#primaryimage"},"thumbnailUrl":"https:\/\/www.cimof.fr\/wp-content\/uploads\/2023\/12\/AdobeStock_533664969-scaled.jpeg","datePublished":"2023-10-18T20:32:28+00:00","dateModified":"2023-12-05T13:29:09+00:00","breadcrumb":{"@id":"https:\/\/www.cimof.fr\/tep-scan\/#breadcrumb"},"inLanguage":"en-US","potentialAction":[{"@type":"ReadAction","target":["https:\/\/www.cimof.fr\/tep-scan\/"]}]},{"@type":"ImageObject","inLanguage":"en-US","@id":"https:\/\/www.cimof.fr\/tep-scan\/#primaryimage","url":"https:\/\/www.cimof.fr\/wp-content\/uploads\/2023\/12\/AdobeStock_533664969-scaled.jpeg","contentUrl":"https:\/\/www.cimof.fr\/wp-content\/uploads\/2023\/12\/AdobeStock_533664969-scaled.jpeg","width":2560,"height":1451},{"@type":"BreadcrumbList","@id":"https:\/\/www.cimof.fr\/tep-scan\/#breadcrumb","itemListElement":[{"@type":"ListItem","position":1,"name":"Accueil","item":"https:\/\/www.cimof.fr\/en\/"},{"@type":"ListItem","position":2,"name":"PET Scanners"}]},{"@type":"WebSite","@id":"https:\/\/www.cimof.fr\/#website","url":"https:\/\/www.cimof.fr\/","name":"CIMOF - Services de M\u00e9decine Nucl\u00e9aire de Toulouse","description":"","publisher":{"@id":"https:\/\/www.cimof.fr\/#organization"},"potentialAction":[{"@type":"SearchAction","target":{"@type":"EntryPoint","urlTemplate":"https:\/\/www.cimof.fr\/?s={search_term_string}"},"query-input":{"@type":"PropertyValueSpecification","valueRequired":true,"valueName":"search_term_string"}}],"inLanguage":"en-US"},{"@type":"Organization","@id":"https:\/\/www.cimof.fr\/#organization","name":"CIMOF - Services de M\u00e9decine Nucl\u00e9aire de Toulouse","url":"https:\/\/www.cimof.fr\/","logo":{"@type":"ImageObject","inLanguage":"en-US","@id":"https:\/\/www.cimof.fr\/#\/schema\/logo\/image\/","url":"https:\/\/www.cimof.fr\/wp-content\/uploads\/2023\/10\/logo_cimof.png","contentUrl":"https:\/\/www.cimof.fr\/wp-content\/uploads\/2023\/10\/logo_cimof.png","width":4111,"height":1347,"caption":"CIMOF - Services de M\u00e9decine Nucl\u00e9aire de Toulouse"},"image":{"@id":"https:\/\/www.cimof.fr\/#\/schema\/logo\/image\/"}}]}},"_links":{"self":[{"href":"https:\/\/www.cimof.fr\/en\/wp-json\/wp\/v2\/pages\/936","targetHints":{"allow":["GET"]}}],"collection":[{"href":"https:\/\/www.cimof.fr\/en\/wp-json\/wp\/v2\/pages"}],"about":[{"href":"https:\/\/www.cimof.fr\/en\/wp-json\/wp\/v2\/types\/page"}],"author":[{"embeddable":true,"href":"https:\/\/www.cimof.fr\/en\/wp-json\/wp\/v2\/users\/1"}],"replies":[{"embeddable":true,"href":"https:\/\/www.cimof.fr\/en\/wp-json\/wp\/v2\/comments?post=936"}],"version-history":[{"count":1,"href":"https:\/\/www.cimof.fr\/en\/wp-json\/wp\/v2\/pages\/936\/revisions"}],"predecessor-version":[{"id":939,"href":"https:\/\/www.cimof.fr\/en\/wp-json\/wp\/v2\/pages\/936\/revisions\/939"}],"wp:featuredmedia":[{"embeddable":true,"href":"https:\/\/www.cimof.fr\/en\/wp-json\/wp\/v2\/media\/1120"}],"wp:attachment":[{"href":"https:\/\/www.cimof.fr\/en\/wp-json\/wp\/v2\/media?parent=936"}],"curies":[{"name":"wp","href":"https:\/\/api.w.org\/{rel}","templated":true}]}}