{"id":934,"date":"2023-08-18T13:36:13","date_gmt":"2023-08-18T11:36:13","guid":{"rendered":"https:\/\/cimof.fr\/?page_id=934"},"modified":"2023-12-05T12:38:10","modified_gmt":"2023-12-05T11:38:10","slug":"scintigraphy","status":"publish","type":"page","link":"https:\/\/www.cimof.fr\/en\/scintigraphy\/","title":{"rendered":"Scintigraphy"},"content":{"rendered":"\n<h2 class=\"wp-block-heading\" id=\"explo-cardiaque\"> Explorations cardiaques<\/h2>\n\n\n\n<div class=\"wp-block-columns is-layout-flex wp-container-core-columns-is-layout-9d6595d7 wp-block-columns-is-layout-flex\">\n<div class=\"wp-block-column is-style-background-red is-layout-flow wp-block-column-is-layout-flow\">\n<h3 class=\"wp-block-heading\">Scintigraphie myocardique MIBI<\/h3>\n\n\n\n<p>Cet examen permet d\u2019\u00e9tudier la vascularisation et le fonctionnement du muscle cardiaque<\/p>\n\n\n\n<div class=\"wp-block-buttons is-content-justification-right is-layout-flex wp-container-core-buttons-is-layout-765c4724 wp-block-buttons-is-layout-flex\">\n<div class=\"wp-block-button is-style-btn-red-arrow\"><a class=\"wp-block-button__link wp-element-button\" href=\"https:\/\/cimof.fr\/scintigraphie-myocardiqu-mibi\/\" target=\"_blank\" rel=\"noreferrer noopener\">En savoir plus<\/a><\/div>\n<\/div>\n<\/div>\n\n\n\n<div class=\"wp-block-column is-style-background-red is-layout-flow wp-block-column-is-layout-flow\">\n<h3 class=\"wp-block-heading\">Scintigraphie myocardique thallium<\/h3>\n\n\n\n<p>Cet examen permet d\u2019\u00e9tudier la vascularisation et le fonctionnement du muscle cardiaque<\/p>\n\n\n\n<div class=\"wp-block-buttons is-content-justification-right is-layout-flex wp-container-core-buttons-is-layout-765c4724 wp-block-buttons-is-layout-flex\">\n<div class=\"wp-block-button is-style-btn-red-arrow\"><a class=\"wp-block-button__link wp-element-button\" href=\"https:\/\/cimof.fr\/scintigraphie-au-thallium\/\" target=\"_blank\" rel=\"noreferrer noopener\">En savoir plus<\/a><\/div>\n<\/div>\n<\/div>\n\n\n\n<div class=\"wp-block-column is-style-background-red is-layout-flow wp-block-column-is-layout-flow\">\n<h3 class=\"wp-block-heading\">Fraction d\u2019\u00e9jection ventriculaire gauche<\/h3>\n\n\n\n<p>L&#8217;\u00e9tude du compartiment sanguin cardiaque permet de d\u00e9terminer la fraction d&#8217;\u00e9jection du ventricule gauche (FEVG)<\/p>\n\n\n\n<div class=\"wp-block-buttons is-content-justification-right is-layout-flex wp-container-core-buttons-is-layout-765c4724 wp-block-buttons-is-layout-flex\">\n<div class=\"wp-block-button is-style-btn-red-arrow\"><a class=\"wp-block-button__link wp-element-button\" href=\"https:\/\/cimof.fr\/463-2\/\">En savoir plus<\/a><\/div>\n<\/div>\n<\/div>\n<\/div>\n\n\n\n<h2 class=\"wp-block-heading\" id=\"amylose\">Explorations ost\u00e9o-articulaire et amylose<\/h2>\n\n\n\n<div class=\"wp-block-columns is-layout-flex wp-container-core-columns-is-layout-9d6595d7 wp-block-columns-is-layout-flex\">\n<div class=\"wp-block-column is-style-background-purple is-layout-flow wp-block-column-is-layout-flow\">\n<h3 class=\"wp-block-heading\">Scintigraphie osseuse<\/h3>\n\n\n\n<p>L&#8217;analyse du fonctionnement osseux permet de recherche et analyser les pathologies traumatiques,  rhumatismales et canc\u00e9reuses<\/p>\n\n\n\n<div class=\"wp-block-buttons is-content-justification-right is-layout-flex wp-container-core-buttons-is-layout-765c4724 wp-block-buttons-is-layout-flex\">\n<div class=\"wp-block-button is-style-btn-red-arrow\"><a class=\"wp-block-button__link wp-element-button\" href=\"https:\/\/cimof.fr\/scintigraphie-osseuse\/\">En savoir plus<\/a><\/div>\n<\/div>\n<\/div>\n\n\n\n<div class=\"wp-block-column is-style-background-purple is-layout-flow wp-block-column-is-layout-flow\">\n<h3 class=\"wp-block-heading\">Recherche d&#8217;amylose<\/h3>\n\n\n\n<p>L&#8217;amylose \u00e0 TTR est li\u00e9e \u00e0 un d\u00e9p\u00f4t pathologique de prot\u00e9ines au sein du muscle cardiaque, qui est r\u00e9v\u00e9l\u00e9 par une scintigraphie aux biphosphates<\/p>\n\n\n\n<div class=\"wp-block-buttons is-content-justification-right is-layout-flex wp-container-core-buttons-is-layout-765c4724 wp-block-buttons-is-layout-flex\">\n<div class=\"wp-block-button is-style-btn-red-arrow\"><a class=\"wp-block-button__link wp-element-button\" href=\"https:\/\/cimof.fr\/amylose\/\">En savoir plus<\/a><\/div>\n<\/div>\n<\/div>\n\n\n\n<div class=\"wp-block-column is-style-default is-layout-flow wp-block-column-is-layout-flow\"><\/div>\n<\/div>\n\n\n\n<h2 class=\"wp-block-heading\" id=\"poumon\">Exploration pulmonaire<\/h2>\n\n\n\n<div class=\"wp-block-columns is-layout-flex wp-container-core-columns-is-layout-9d6595d7 wp-block-columns-is-layout-flex\">\n<div class=\"wp-block-column is-style-background-green is-layout-flow wp-block-column-is-layout-flow\">\n<h3 class=\"wp-block-heading\">Scintigraphie pulmonaire \/ recherche de shunt<\/h3>\n\n\n\n<p>Cet examen permet de rechercher les embolie pulmonaire ou le shunt cardio-syst\u00e9mique<\/p>\n\n\n\n<div class=\"wp-block-buttons is-content-justification-right is-layout-flex wp-container-core-buttons-is-layout-765c4724 wp-block-buttons-is-layout-flex\">\n<div class=\"wp-block-button is-style-btn-red-arrow\"><a class=\"wp-block-button__link wp-element-button\" href=\"https:\/\/cimof.fr\/scintigraphie-pulmonaire\/\">En savoir plus<\/a><\/div>\n<\/div>\n<\/div>\n\n\n\n<div class=\"wp-block-column is-layout-flow wp-block-column-is-layout-flow\"><\/div>\n\n\n\n<div class=\"wp-block-column is-layout-flow wp-block-column-is-layout-flow\"><\/div>\n<\/div>\n\n\n\n<h2 class=\"wp-block-heading\" id=\"endocriniennes\">Explorations endocriniennes<\/h2>\n\n\n\n<div class=\"wp-block-columns is-layout-flex wp-container-core-columns-is-layout-9d6595d7 wp-block-columns-is-layout-flex\">\n<div class=\"wp-block-column is-style-background-orange is-layout-flow wp-block-column-is-layout-flow\">\n<h3 class=\"wp-block-heading\">Scintigraphie des parathyro\u00efdes<\/h3>\n\n\n\n<p>Cet examen permet d\u2019\u00e9tudier le fonctionnement des glandes parathyro\u00efdes situ\u00e9es en arri\u00e8re de la thyro\u00efde<\/p>\n\n\n\n<div class=\"wp-block-buttons is-content-justification-right is-layout-flex wp-container-core-buttons-is-layout-765c4724 wp-block-buttons-is-layout-flex\">\n<div class=\"wp-block-button is-style-btn-red-arrow\"><a class=\"wp-block-button__link wp-element-button\" href=\"https:\/\/cimof.fr\/scintigraphie-des-parathyroides\/\">En savoir plus<\/a><\/div>\n<\/div>\n<\/div>\n\n\n\n<div class=\"wp-block-column is-style-background-orange is-layout-flow wp-block-column-is-layout-flow\">\n<h3 class=\"wp-block-heading\">Scintigraphie de la thyro\u00efde Tc99m<\/h3>\n\n\n\n<p>L&#8217;\u00e9tude de la captation thyro\u00efdienne permet d&#8217;orienter vers les diff\u00e9rentes causes d&#8217;hyperthyro\u00efdies<\/p>\n\n\n\n<div class=\"wp-block-buttons is-content-justification-right is-layout-flex wp-container-core-buttons-is-layout-765c4724 wp-block-buttons-is-layout-flex\">\n<div class=\"wp-block-button is-style-btn-red-arrow\"><a class=\"wp-block-button__link wp-element-button\" href=\"https:\/\/cimof.fr\/scintigraphie-thyroidiennes-au-technetium-tc99m\/\">En savoir plus<\/a><\/div>\n<\/div>\n<\/div>\n\n\n\n<div class=\"wp-block-column is-style-background-orange is-layout-flow wp-block-column-is-layout-flow\">\n<h3 class=\"wp-block-heading\">Scintigraphie de la thyro\u00efde I123<\/h3>\n\n\n\n<p>Elle permet l&#8217;\u00e9tude du m\u00e9tabolisme thyro\u00efdien<\/p>\n\n\n\n<div class=\"wp-block-buttons is-content-justification-right is-layout-flex wp-container-core-buttons-is-layout-765c4724 wp-block-buttons-is-layout-flex\">\n<div class=\"wp-block-button is-style-btn-red-arrow\"><a class=\"wp-block-button__link wp-element-button\">En savoir plus<\/a><\/div>\n<\/div>\n<\/div>\n<\/div>\n\n\n\n<h2 class=\"wp-block-heading\" id=\"r\u00e9nales\">Explorations r\u00e9nales<\/h2>\n\n\n\n<div class=\"wp-block-columns is-layout-flex wp-container-core-columns-is-layout-9d6595d7 wp-block-columns-is-layout-flex\">\n<div class=\"wp-block-column is-style-background-purple is-layout-flow wp-block-column-is-layout-flow\">\n<h3 class=\"wp-block-heading\">Scintigraphie r\u00e9nale DTPA ou mag3<\/h3>\n\n\n\n<p>Cet examen permet de visualiser le fonctionnement dynamique des voies excr\u00e9trices r\u00e9nales<\/p>\n\n\n\n<div class=\"wp-block-buttons is-content-justification-right is-layout-flex wp-container-core-buttons-is-layout-765c4724 wp-block-buttons-is-layout-flex\">\n<div class=\"wp-block-button is-style-btn-red-arrow\"><a class=\"wp-block-button__link wp-element-button\" href=\"https:\/\/cimof.fr\/scintigraphie-renale-au-dtpa-ou-mag3\/\">En savoir plus<\/a><\/div>\n<\/div>\n<\/div>\n\n\n\n<div class=\"wp-block-column is-style-background-purple is-layout-flow wp-block-column-is-layout-flow\">\n<h3 class=\"wp-block-heading\">Scintigraphie r\u00e9nale DMSA<\/h3>\n\n\n\n<p>Cet examen permet de quantifier la fonction r\u00e9nale relative et parfois de diagnostiquer des s\u00e9quelles d&#8217;infection r\u00e9nale<\/p>\n\n\n\n<div class=\"wp-block-buttons is-content-justification-right is-layout-flex wp-container-core-buttons-is-layout-765c4724 wp-block-buttons-is-layout-flex\">\n<div class=\"wp-block-button is-style-btn-red-arrow\"><a class=\"wp-block-button__link wp-element-button\">En savoir plus<\/a><\/div>\n<\/div>\n<\/div>\n\n\n\n<div class=\"wp-block-column is-style-default is-layout-flow wp-block-column-is-layout-flow\"><\/div>\n<\/div>\n\n\n\n<h2 class=\"wp-block-heading\" id=\"digestives\">Explorations digestives<\/h2>\n\n\n\n<div class=\"wp-block-columns is-layout-flex wp-container-core-columns-is-layout-9d6595d7 wp-block-columns-is-layout-flex\">\n<div class=\"wp-block-column is-style-background-red is-layout-flow wp-block-column-is-layout-flow\">\n<h3 class=\"wp-block-heading\"><strong>Scintigraphie h\u00e9pato-biliaire<\/strong><\/h3>\n\n\n\n<p>Cet examen permet d\u2019\u00e9tudier le fonctionnement excr\u00e9toire des voies biliaires <\/p>\n\n\n\n<div class=\"wp-block-buttons is-content-justification-right is-layout-flex wp-container-core-buttons-is-layout-765c4724 wp-block-buttons-is-layout-flex\">\n<div class=\"wp-block-button is-style-btn-red-arrow\"><a class=\"wp-block-button__link wp-element-button\" href=\"https:\/\/cimof.fr\/scintigraphie-tep-fdg\/\">En savoir plus<\/a><\/div>\n<\/div>\n<\/div>\n\n\n\n<div class=\"wp-block-column is-style-background-red is-layout-flow wp-block-column-is-layout-flow\">\n<h3 class=\"wp-block-heading\">Vidange gastrique<\/h3>\n\n\n\n<p>Cet examen permet d&#8217;analyser le fonctionnement gastrique<\/p>\n\n\n\n<div class=\"wp-block-buttons is-content-justification-right is-layout-flex wp-container-core-buttons-is-layout-765c4724 wp-block-buttons-is-layout-flex\">\n<div class=\"wp-block-button is-style-btn-red-arrow\"><a class=\"wp-block-button__link wp-element-button\">En savoir plus<\/a><\/div>\n<\/div>\n<\/div>\n\n\n\n<div class=\"wp-block-column is-style-background-red is-layout-flow wp-block-column-is-layout-flow\">\n<h3 class=\"wp-block-heading\">Recherche de saignement digestif<\/h3>\n\n\n\n<p>L&#8217;analyse permet le diagnostic et la localisation d&#8217;un saignement digestif occulte<\/p>\n\n\n\n<div class=\"wp-block-buttons is-content-justification-right is-layout-flex wp-container-core-buttons-is-layout-765c4724 wp-block-buttons-is-layout-flex\">\n<div class=\"wp-block-button is-style-btn-red-arrow\"><a class=\"wp-block-button__link wp-element-button\">En savoir plus<\/a><\/div>\n<\/div>\n<\/div>\n<\/div>\n\n\n\n<div class=\"wp-block-columns is-layout-flex wp-container-core-columns-is-layout-9d6595d7 wp-block-columns-is-layout-flex\">\n<div class=\"wp-block-column is-style-background-red is-layout-flow wp-block-column-is-layout-flow\">\n<h3 class=\"wp-block-heading\">Recherche de diverticule de Meckel<\/h3>\n\n\n\n<p>Cet examen permet de recherche une localisation ectopique de muqueuse gastrique, souvent au niveau de la cavit\u00e9 abdomino-pelvienne<\/p>\n\n\n\n<div class=\"wp-block-buttons is-content-justification-right is-layout-flex wp-container-core-buttons-is-layout-765c4724 wp-block-buttons-is-layout-flex\">\n<div class=\"wp-block-button is-style-btn-red-arrow\"><a class=\"wp-block-button__link wp-element-button\">En savoir plus<\/a><\/div>\n<\/div>\n<\/div>\n\n\n\n<div class=\"wp-block-column is-layout-flow wp-block-column-is-layout-flow\"><\/div>\n\n\n\n<div class=\"wp-block-column is-layout-flow wp-block-column-is-layout-flow\"><\/div>\n<\/div>\n\n\n\n<h2 class=\"wp-block-heading\" id=\"lymphatiques\">Explorations lymphatiques<\/h2>\n\n\n\n<div class=\"wp-block-columns is-layout-flex wp-container-core-columns-is-layout-9d6595d7 wp-block-columns-is-layout-flex\">\n<div class=\"wp-block-column is-layout-flow wp-block-column-is-layout-flow\"><\/div>\n\n\n\n<div class=\"wp-block-column is-layout-flow wp-block-column-is-layout-flow\"><\/div>\n<\/div>\n\n\n\n<div class=\"wp-block-columns is-layout-flex wp-container-core-columns-is-layout-9d6595d7 wp-block-columns-is-layout-flex\">\n<div class=\"wp-block-column is-style-background-green is-layout-flow wp-block-column-is-layout-flow\">\n<h3 class=\"wp-block-heading\">Recherche du ganglion sentinelle<\/h3>\n\n\n\n<p>Le ganglion sentinelle est le premier ganglion de la chaine lymphatique drainant une tumeur<\/p>\n\n\n\n<div class=\"wp-block-buttons is-content-justification-right is-layout-flex wp-container-core-buttons-is-layout-765c4724 wp-block-buttons-is-layout-flex\">\n<div class=\"wp-block-button is-style-btn-red-arrow\"><a class=\"wp-block-button__link wp-element-button\">En savoir plus<\/a><\/div>\n<\/div>\n<\/div>\n\n\n\n<div class=\"wp-block-column is-style-background-green is-layout-flow wp-block-column-is-layout-flow\">\n<h3 class=\"wp-block-heading\">Lymphoscintigraphie de membre<\/h3>\n\n\n\n<p>L&#8217;analyse du drainage lymphatique permet de diagnostiquer et localiser le niveau pathologique de la voie lymphatique <\/p>\n\n\n\n<div class=\"wp-block-buttons is-content-justification-right is-layout-flex wp-container-core-buttons-is-layout-765c4724 wp-block-buttons-is-layout-flex\">\n<div class=\"wp-block-button is-style-btn-red-arrow\"><a class=\"wp-block-button__link wp-element-button\">En savoir plus<\/a><\/div>\n<\/div>\n<\/div>\n\n\n\n<div class=\"wp-block-column is-style-default is-layout-flow wp-block-column-is-layout-flow\"><\/div>\n<\/div>\n\n\n\n<p><\/p>\n\n\n\n<h2 class=\"wp-block-heading\" id=\"cerebrales\">Exploration c\u00e9r\u00e9brale<\/h2>\n\n\n\n<div class=\"wp-block-columns is-layout-flex wp-container-core-columns-is-layout-9d6595d7 wp-block-columns-is-layout-flex\">\n<div class=\"wp-block-column is-style-background-purple is-layout-flow wp-block-column-is-layout-flow\">\n<h3 class=\"wp-block-heading\">DAT-Scan<\/h3>\n\n\n\n<p>Cet examen permet de diagnostiquer les d\u00e9nervations dopaminergiques au niveau des noyaux gris centraux, ce qui se rencontre dans certaines pathologies comme la maladie de Parkinson<\/p>\n\n\n\n<div class=\"wp-block-buttons is-content-justification-right is-layout-flex wp-container-core-buttons-is-layout-765c4724 wp-block-buttons-is-layout-flex\">\n<div class=\"wp-block-button is-style-btn-red-arrow\"><a class=\"wp-block-button__link wp-element-button\">En savoir plus<\/a><\/div>\n<\/div>\n<\/div>\n\n\n\n<div class=\"wp-block-column is-layout-flow wp-block-column-is-layout-flow\"><\/div>\n\n\n\n<div class=\"wp-block-column is-layout-flow wp-block-column-is-layout-flow\"><\/div>\n<\/div>\n\n\n\n<p><\/p>\n","protected":false},"excerpt":{"rendered":"<p>Explorations cardiaques Scintigraphie myocardique MIBI Cet examen permet d\u2019\u00e9tudier la vascularisation et le fonctionnement du muscle cardiaque Scintigraphie myocardique thallium [&hellip;]<\/p>\n","protected":false},"author":1,"featured_media":1623,"parent":0,"menu_order":0,"comment_status":"closed","ping_status":"closed","template":"","meta":{"footnotes":""},"class_list":["post-934","page","type-page","status-publish","has-post-thumbnail","hentry"],"yoast_head":"<!-- This site is optimized with the Yoast SEO plugin v27.3 - https:\/\/yoast.com\/product\/yoast-seo-wordpress\/ -->\n<title>Scintigraphy - CIMOF - Services de M\u00e9decine Nucl\u00e9aire de Toulouse<\/title>\n<meta name=\"robots\" content=\"index, follow, max-snippet:-1, max-image-preview:large, max-video-preview:-1\" \/>\n<link rel=\"canonical\" href=\"https:\/\/www.cimof.fr\/scintigraphie\/\" \/>\n<meta property=\"og:locale\" content=\"en_US\" \/>\n<meta property=\"og:type\" content=\"article\" \/>\n<meta property=\"og:title\" content=\"Scintigraphy - CIMOF - Services de M\u00e9decine Nucl\u00e9aire de Toulouse\" \/>\n<meta property=\"og:description\" content=\"Explorations cardiaques Scintigraphie myocardique MIBI Cet examen permet d\u2019\u00e9tudier la vascularisation et le fonctionnement du muscle cardiaque Scintigraphie myocardique thallium [&hellip;]\" \/>\n<meta property=\"og:url\" content=\"https:\/\/www.cimof.fr\/scintigraphie\/\" \/>\n<meta property=\"og:site_name\" content=\"CIMOF - Services de M\u00e9decine Nucl\u00e9aire de Toulouse\" \/>\n<meta property=\"article:modified_time\" content=\"2023-12-05T11:38:10+00:00\" \/>\n<meta name=\"twitter:card\" content=\"summary_large_image\" \/>\n<meta name=\"twitter:label1\" content=\"Est. reading time\" \/>\n\t<meta name=\"twitter:data1\" content=\"2 minutes\" \/>\n<script type=\"application\/ld+json\" class=\"yoast-schema-graph\">{\"@context\":\"https:\\\/\\\/schema.org\",\"@graph\":[{\"@type\":\"WebPage\",\"@id\":\"https:\\\/\\\/www.cimof.fr\\\/scintigraphie\\\/\",\"url\":\"https:\\\/\\\/www.cimof.fr\\\/scintigraphie\\\/\",\"name\":\"Scintigraphy - CIMOF - Services de M\u00e9decine Nucl\u00e9aire de Toulouse\",\"isPartOf\":{\"@id\":\"https:\\\/\\\/www.cimof.fr\\\/#website\"},\"primaryImageOfPage\":{\"@id\":\"https:\\\/\\\/www.cimof.fr\\\/scintigraphie\\\/#primaryimage\"},\"image\":{\"@id\":\"https:\\\/\\\/www.cimof.fr\\\/scintigraphie\\\/#primaryimage\"},\"thumbnailUrl\":\"https:\\\/\\\/www.cimof.fr\\\/wp-content\\\/uploads\\\/2024\\\/06\\\/DSC03756-scaled.jpeg\",\"datePublished\":\"2023-08-18T11:36:13+00:00\",\"dateModified\":\"2023-12-05T11:38:10+00:00\",\"breadcrumb\":{\"@id\":\"https:\\\/\\\/www.cimof.fr\\\/scintigraphie\\\/#breadcrumb\"},\"inLanguage\":\"en-US\",\"potentialAction\":[{\"@type\":\"ReadAction\",\"target\":[\"https:\\\/\\\/www.cimof.fr\\\/scintigraphie\\\/\"]}]},{\"@type\":\"ImageObject\",\"inLanguage\":\"en-US\",\"@id\":\"https:\\\/\\\/www.cimof.fr\\\/scintigraphie\\\/#primaryimage\",\"url\":\"https:\\\/\\\/www.cimof.fr\\\/wp-content\\\/uploads\\\/2024\\\/06\\\/DSC03756-scaled.jpeg\",\"contentUrl\":\"https:\\\/\\\/www.cimof.fr\\\/wp-content\\\/uploads\\\/2024\\\/06\\\/DSC03756-scaled.jpeg\",\"width\":2560,\"height\":1707},{\"@type\":\"BreadcrumbList\",\"@id\":\"https:\\\/\\\/www.cimof.fr\\\/scintigraphie\\\/#breadcrumb\",\"itemListElement\":[{\"@type\":\"ListItem\",\"position\":1,\"name\":\"Accueil\",\"item\":\"https:\\\/\\\/www.cimof.fr\\\/en\\\/\"},{\"@type\":\"ListItem\",\"position\":2,\"name\":\"Scintigraphy\"}]},{\"@type\":\"WebSite\",\"@id\":\"https:\\\/\\\/www.cimof.fr\\\/#website\",\"url\":\"https:\\\/\\\/www.cimof.fr\\\/\",\"name\":\"CIMOF - Services de M\u00e9decine Nucl\u00e9aire de Toulouse\",\"description\":\"\",\"publisher\":{\"@id\":\"https:\\\/\\\/www.cimof.fr\\\/#organization\"},\"potentialAction\":[{\"@type\":\"SearchAction\",\"target\":{\"@type\":\"EntryPoint\",\"urlTemplate\":\"https:\\\/\\\/www.cimof.fr\\\/?s={search_term_string}\"},\"query-input\":{\"@type\":\"PropertyValueSpecification\",\"valueRequired\":true,\"valueName\":\"search_term_string\"}}],\"inLanguage\":\"en-US\"},{\"@type\":\"Organization\",\"@id\":\"https:\\\/\\\/www.cimof.fr\\\/#organization\",\"name\":\"CIMOF - Services de M\u00e9decine Nucl\u00e9aire de Toulouse\",\"url\":\"https:\\\/\\\/www.cimof.fr\\\/\",\"logo\":{\"@type\":\"ImageObject\",\"inLanguage\":\"en-US\",\"@id\":\"https:\\\/\\\/www.cimof.fr\\\/#\\\/schema\\\/logo\\\/image\\\/\",\"url\":\"https:\\\/\\\/www.cimof.fr\\\/wp-content\\\/uploads\\\/2023\\\/10\\\/logo_cimof.png\",\"contentUrl\":\"https:\\\/\\\/www.cimof.fr\\\/wp-content\\\/uploads\\\/2023\\\/10\\\/logo_cimof.png\",\"width\":4111,\"height\":1347,\"caption\":\"CIMOF - Services de M\u00e9decine Nucl\u00e9aire de Toulouse\"},\"image\":{\"@id\":\"https:\\\/\\\/www.cimof.fr\\\/#\\\/schema\\\/logo\\\/image\\\/\"}}]}<\/script>\n<!-- \/ Yoast SEO plugin. -->","yoast_head_json":{"title":"Scintigraphy - CIMOF - Services de M\u00e9decine Nucl\u00e9aire de Toulouse","robots":{"index":"index","follow":"follow","max-snippet":"max-snippet:-1","max-image-preview":"max-image-preview:large","max-video-preview":"max-video-preview:-1"},"canonical":"https:\/\/www.cimof.fr\/scintigraphie\/","og_locale":"en_US","og_type":"article","og_title":"Scintigraphy - CIMOF - Services de M\u00e9decine Nucl\u00e9aire de Toulouse","og_description":"Explorations cardiaques Scintigraphie myocardique MIBI Cet examen permet d\u2019\u00e9tudier la vascularisation et le fonctionnement du muscle cardiaque Scintigraphie myocardique thallium [&hellip;]","og_url":"https:\/\/www.cimof.fr\/scintigraphie\/","og_site_name":"CIMOF - Services de M\u00e9decine Nucl\u00e9aire de Toulouse","article_modified_time":"2023-12-05T11:38:10+00:00","twitter_card":"summary_large_image","twitter_misc":{"Est. reading time":"2 minutes"},"schema":{"@context":"https:\/\/schema.org","@graph":[{"@type":"WebPage","@id":"https:\/\/www.cimof.fr\/scintigraphie\/","url":"https:\/\/www.cimof.fr\/scintigraphie\/","name":"Scintigraphy - CIMOF - Services de M\u00e9decine Nucl\u00e9aire de Toulouse","isPartOf":{"@id":"https:\/\/www.cimof.fr\/#website"},"primaryImageOfPage":{"@id":"https:\/\/www.cimof.fr\/scintigraphie\/#primaryimage"},"image":{"@id":"https:\/\/www.cimof.fr\/scintigraphie\/#primaryimage"},"thumbnailUrl":"https:\/\/www.cimof.fr\/wp-content\/uploads\/2024\/06\/DSC03756-scaled.jpeg","datePublished":"2023-08-18T11:36:13+00:00","dateModified":"2023-12-05T11:38:10+00:00","breadcrumb":{"@id":"https:\/\/www.cimof.fr\/scintigraphie\/#breadcrumb"},"inLanguage":"en-US","potentialAction":[{"@type":"ReadAction","target":["https:\/\/www.cimof.fr\/scintigraphie\/"]}]},{"@type":"ImageObject","inLanguage":"en-US","@id":"https:\/\/www.cimof.fr\/scintigraphie\/#primaryimage","url":"https:\/\/www.cimof.fr\/wp-content\/uploads\/2024\/06\/DSC03756-scaled.jpeg","contentUrl":"https:\/\/www.cimof.fr\/wp-content\/uploads\/2024\/06\/DSC03756-scaled.jpeg","width":2560,"height":1707},{"@type":"BreadcrumbList","@id":"https:\/\/www.cimof.fr\/scintigraphie\/#breadcrumb","itemListElement":[{"@type":"ListItem","position":1,"name":"Accueil","item":"https:\/\/www.cimof.fr\/en\/"},{"@type":"ListItem","position":2,"name":"Scintigraphy"}]},{"@type":"WebSite","@id":"https:\/\/www.cimof.fr\/#website","url":"https:\/\/www.cimof.fr\/","name":"CIMOF - Services de M\u00e9decine Nucl\u00e9aire de Toulouse","description":"","publisher":{"@id":"https:\/\/www.cimof.fr\/#organization"},"potentialAction":[{"@type":"SearchAction","target":{"@type":"EntryPoint","urlTemplate":"https:\/\/www.cimof.fr\/?s={search_term_string}"},"query-input":{"@type":"PropertyValueSpecification","valueRequired":true,"valueName":"search_term_string"}}],"inLanguage":"en-US"},{"@type":"Organization","@id":"https:\/\/www.cimof.fr\/#organization","name":"CIMOF - Services de M\u00e9decine Nucl\u00e9aire de Toulouse","url":"https:\/\/www.cimof.fr\/","logo":{"@type":"ImageObject","inLanguage":"en-US","@id":"https:\/\/www.cimof.fr\/#\/schema\/logo\/image\/","url":"https:\/\/www.cimof.fr\/wp-content\/uploads\/2023\/10\/logo_cimof.png","contentUrl":"https:\/\/www.cimof.fr\/wp-content\/uploads\/2023\/10\/logo_cimof.png","width":4111,"height":1347,"caption":"CIMOF - Services de M\u00e9decine Nucl\u00e9aire de Toulouse"},"image":{"@id":"https:\/\/www.cimof.fr\/#\/schema\/logo\/image\/"}}]}},"_links":{"self":[{"href":"https:\/\/www.cimof.fr\/en\/wp-json\/wp\/v2\/pages\/934","targetHints":{"allow":["GET"]}}],"collection":[{"href":"https:\/\/www.cimof.fr\/en\/wp-json\/wp\/v2\/pages"}],"about":[{"href":"https:\/\/www.cimof.fr\/en\/wp-json\/wp\/v2\/types\/page"}],"author":[{"embeddable":true,"href":"https:\/\/www.cimof.fr\/en\/wp-json\/wp\/v2\/users\/1"}],"replies":[{"embeddable":true,"href":"https:\/\/www.cimof.fr\/en\/wp-json\/wp\/v2\/comments?post=934"}],"version-history":[{"count":1,"href":"https:\/\/www.cimof.fr\/en\/wp-json\/wp\/v2\/pages\/934\/revisions"}],"predecessor-version":[{"id":935,"href":"https:\/\/www.cimof.fr\/en\/wp-json\/wp\/v2\/pages\/934\/revisions\/935"}],"wp:featuredmedia":[{"embeddable":true,"href":"https:\/\/www.cimof.fr\/en\/wp-json\/wp\/v2\/media\/1623"}],"wp:attachment":[{"href":"https:\/\/www.cimof.fr\/en\/wp-json\/wp\/v2\/media?parent=934"}],"curies":[{"name":"wp","href":"https:\/\/api.w.org\/{rel}","templated":true}]}}