{"id":42,"date":"2023-08-10T17:15:22","date_gmt":"2023-08-10T15:15:22","guid":{"rendered":"https:\/\/cimof.fr\/?page_id=42"},"modified":"2023-12-12T09:37:36","modified_gmt":"2023-12-12T08:37:36","slug":"home","status":"publish","type":"page","link":"https:\/\/www.cimof.fr\/en\/","title":{"rendered":"Home"},"content":{"rendered":"\n<div class=\"wp-block-columns is-layout-flex wp-container-core-columns-is-layout-9d6595d7 wp-block-columns-is-layout-flex\">\n<div class=\"wp-block-column is-layout-flow wp-block-column-is-layout-flow\">\n<p class=\"has-text-align-center has-x-large-font-size\"><strong>Welcome to<\/strong><\/p>\n\n\n<div class=\"wp-block-image\">\n<figure class=\"aligncenter size-large is-resized\"><img decoding=\"async\" width=\"1024\" height=\"464\" src=\"https:\/\/cimof.fr\/wp-content\/uploads\/2023\/10\/logo_cimof_avec_description-1024x464.png\" alt=\"\" class=\"wp-image-315\" style=\"aspect-ratio:2.206896551724138;width:355px;height:auto\" srcset=\"https:\/\/www.cimof.fr\/wp-content\/uploads\/2023\/10\/logo_cimof_avec_description-1024x464.png 1024w, https:\/\/www.cimof.fr\/wp-content\/uploads\/2023\/10\/logo_cimof_avec_description-300x136.png 300w, https:\/\/www.cimof.fr\/wp-content\/uploads\/2023\/10\/logo_cimof_avec_description-768x348.png 768w, https:\/\/www.cimof.fr\/wp-content\/uploads\/2023\/10\/logo_cimof_avec_description-1536x696.png 1536w, https:\/\/www.cimof.fr\/wp-content\/uploads\/2023\/10\/logo_cimof_avec_description-2048x928.png 2048w\" sizes=\"(max-width: 1024px) 100vw, 1024px\" \/><\/figure><\/div>\n\n\n<p><\/p>\n\n\n\n<div class=\"wp-block-buttons is-content-justification-center is-layout-flex wp-container-core-buttons-is-layout-5590e8cb wp-block-buttons-is-layout-flex\">\n<div class=\"wp-block-button is-style-btn-yellow\"><a class=\"wp-block-button__link wp-element-button\" href=\"https:\/\/portal.venusshare.com\/portal\/v32\/sites\/cimof\/\" target=\"_blank\" rel=\"noreferrer noopener\">Booking<\/a><\/div>\n\n\n\n<div class=\"wp-block-button is-style-btn-grey\"><a class=\"wp-block-button__link wp-element-button\" href=\"https:\/\/portal.venusshare.com\/diffusion\/sites\/cimof\/\" target=\"_blank\" rel=\"noreferrer noopener\">Results<\/a><\/div>\n<\/div>\n\n\n\n<p class=\"has-text-align-center has-small-font-size\"><strong><a href=\"https:\/\/portal.venusshare.com\/diffusion\/sites\/cimof\/\" data-type=\"page\" data-id=\"11\" target=\"_blank\" rel=\"noreferrer noopener\">Vous \u00eates m\u00e9decin ? Acc\u00e9dez \u00e0 votre espace<\/a><\/strong><\/p>\n<\/div>\n\n\n\n<div class=\"wp-block-column is-layout-flow wp-block-column-is-layout-flow\"><\/div>\n<\/div>\n\n\n\n<div style=\"height:34px\" aria-hidden=\"true\" class=\"wp-block-spacer\"><\/div>\n\n\n\n<h1 class=\"wp-block-heading has-text-align-center\">Centre d\u2019imagerie Mol\u00e9culaire et Fonctionnelle (CIMOF) : <\/h1>\n\n\n\n<h1 class=\"wp-block-heading has-text-align-center\">PET Scan        &#8211;        Scintigraphy <\/h1>\n\n\n\n<p class=\"has-text-align-center\">Centre d\u2019imagerie Mol\u00e9culaire et Fonctionnelle (CIMOF) is performinng all types of medical exams. All the details on this website !<\/p>\n\n\n\n<h2 class=\"wp-block-heading\">Where to found us<\/h2>\n\n\n<div class=\"home-structures-loop\"><div class=\"loop-entry-item\">\n\t<div class=\"item-thumbnail\">\n\t\t<a href=\"https:\/\/www.cimof.fr\/en\/nos-structures\/clinique-pasteur-toulouse\/\"><img decoding=\"async\" width=\"1000\" height=\"486\" src=\"https:\/\/www.cimof.fr\/wp-content\/uploads\/2023\/11\/unnamed-1.jpeg\" class=\"attachment-large size-large\" alt=\"\" srcset=\"https:\/\/www.cimof.fr\/wp-content\/uploads\/2023\/11\/unnamed-1.jpeg 1000w, https:\/\/www.cimof.fr\/wp-content\/uploads\/2023\/11\/unnamed-1-300x146.jpeg 300w, https:\/\/www.cimof.fr\/wp-content\/uploads\/2023\/11\/unnamed-1-768x373.jpeg 768w\" sizes=\"(max-width: 1000px) 100vw, 1000px\" \/><\/a>\n\t<\/div>\n\t<div class=\"item-content\">\n\t\t<h3><a href=\"https:\/\/www.cimof.fr\/en\/nos-structures\/clinique-pasteur-toulouse\/\">Clinique Pasteur, \u00e0 Toulouse (31)<\/a><\/h3>\n\t\t<div class=\"structure-informations\">\n\t\t\t<div class=\"information-item\"><i class=\"icon icon-address\"><\/i><span>45 Avenue de Lombez 31000 TOULOUSE - Porte 8 - Pavillon Ilot<\/span><\/div>\t\t\t<div class=\"information-item\"><i class=\"icon icon-phone\"><\/i><span>05 62 21 16 66<\/span><\/div>\t\t\t<div class=\"information-item\"><i class=\"icon icon-fax\"><\/i><span>05 62 21 16 65<\/span><\/div>\t\t<\/div>\n\t\t<a class=\"btn btn-grey\" href=\"https:\/\/www.cimof.fr\/en\/nos-structures\/clinique-pasteur-toulouse\/\">Comment venir ?<\/a>\n\t\t<a class=\"btn btn-yellow\" href=\"https:\/\/www.cimof.fr\/en\/nos-structures\/clinique-pasteur-toulouse\/\">Prendre rendez-vous<\/a>\n\t<\/div>\n<\/div>\n<div class=\"loop-entry-item\">\n\t<div class=\"item-thumbnail\">\n\t\t<a href=\"https:\/\/www.cimof.fr\/en\/nos-structures\/site-2-test\/\"><img decoding=\"async\" width=\"885\" height=\"500\" src=\"https:\/\/www.cimof.fr\/wp-content\/uploads\/2023\/11\/clinique-cedres.jpeg\" class=\"attachment-large size-large\" alt=\"\" srcset=\"https:\/\/www.cimof.fr\/wp-content\/uploads\/2023\/11\/clinique-cedres.jpeg 885w, https:\/\/www.cimof.fr\/wp-content\/uploads\/2023\/11\/clinique-cedres-300x169.jpeg 300w, https:\/\/www.cimof.fr\/wp-content\/uploads\/2023\/11\/clinique-cedres-768x434.jpeg 768w\" sizes=\"(max-width: 885px) 100vw, 885px\" \/><\/a>\n\t<\/div>\n\t<div class=\"item-content\">\n\t\t<h3><a href=\"https:\/\/www.cimof.fr\/en\/nos-structures\/site-2-test\/\">Clinique des C\u00e8dres,\u00a0\u00e0 Cornebarrieu (31)<\/a><\/h3>\n\t\t<div class=\"structure-informations\">\n\t\t\t<div class=\"information-item\"><i class=\"icon icon-address\"><\/i><span>Route de Mondonville au Chateau d'Alliez 31700 Cornebarrieu<\/span><\/div>\t\t\t<div class=\"information-item\"><i class=\"icon icon-phone\"><\/i><span>05 62 13 32 42<\/span><\/div>\t\t\t<div class=\"information-item\"><i class=\"icon icon-fax\"><\/i><span>05 62 13 32 41<\/span><\/div>\t\t<\/div>\n\t\t<a class=\"btn btn-grey\" href=\"https:\/\/www.cimof.fr\/en\/nos-structures\/site-2-test\/\">Comment venir ?<\/a>\n\t\t<a class=\"btn btn-yellow\" href=\"https:\/\/www.cimof.fr\/en\/nos-structures\/site-2-test\/\">Prendre rendez-vous<\/a>\n\t<\/div>\n<\/div>\n<div class=\"loop-entry-item\">\n\t<div class=\"item-thumbnail\">\n\t\t<a href=\"https:\/\/www.cimof.fr\/en\/nos-structures\/site-3-test\/\"><img decoding=\"async\" width=\"1024\" height=\"713\" src=\"https:\/\/www.cimof.fr\/wp-content\/uploads\/2023\/11\/dsc6212-1024x713.jpg\" class=\"attachment-large size-large\" alt=\"\" srcset=\"https:\/\/www.cimof.fr\/wp-content\/uploads\/2023\/11\/dsc6212-1024x713.jpg 1024w, https:\/\/www.cimof.fr\/wp-content\/uploads\/2023\/11\/dsc6212-300x209.jpg 300w, https:\/\/www.cimof.fr\/wp-content\/uploads\/2023\/11\/dsc6212-768x535.jpg 768w, https:\/\/www.cimof.fr\/wp-content\/uploads\/2023\/11\/dsc6212-1536x1069.jpg 1536w, https:\/\/www.cimof.fr\/wp-content\/uploads\/2023\/11\/dsc6212-2048x1426.jpg 2048w\" sizes=\"(max-width: 1024px) 100vw, 1024px\" \/><\/a>\n\t<\/div>\n\t<div class=\"item-content\">\n\t\t<h3><a href=\"https:\/\/www.cimof.fr\/en\/nos-structures\/site-3-test\/\">Clinique du Pont de Chaume, Montauban (82)<\/a><\/h3>\n\t\t<div class=\"structure-informations\">\n\t\t\t<div class=\"information-item\"><i class=\"icon icon-address\"><\/i><span>330 Avenue Marcel Unal \u00e0 Montauban<\/span><\/div>\t\t\t<div class=\"information-item\"><i class=\"icon icon-phone\"><\/i><span>05 63 68 35 15<\/span><\/div>\t\t\t<div class=\"information-item\"><i class=\"icon icon-fax\"><\/i><span>05 63 68 35 16<\/span><\/div>\t\t<\/div>\n\t\t<a class=\"btn btn-grey\" href=\"https:\/\/www.cimof.fr\/en\/nos-structures\/site-3-test\/\">Comment venir ?<\/a>\n\t\t<a class=\"btn btn-yellow\" href=\"https:\/\/www.cimof.fr\/en\/nos-structures\/site-3-test\/\">Prendre rendez-vous<\/a>\n\t<\/div>\n<\/div>\n<\/div><nav class=\"navigation\">\n\t\t\t\t<div class=\"nav-links\">\n\t\t\t\t\t<div class=\"nav-separation\"><\/div>\n\t\t\t\t\t<a href=\"https:\/\/www.cimof.fr\/en\/nos-structures\/\" class=\"nav-next\">\n\t\t\t\t\t\t<span class=\"post-title\">Autres sites<\/span>\n\t\t\t\t\t\t<span class=\"nav-arrow\"><\/span>\n\t\t\t\t\t<\/a>\n\t\t\t\t<\/div>\n\t\t\t<\/nav>\n\n\n\n<div class=\"wp-block-columns is-layout-flex wp-container-core-columns-is-layout-9d6595d7 wp-block-columns-is-layout-flex\">\n<div class=\"wp-block-column is-style-yellow-gradient is-layout-flow wp-block-column-is-layout-flow\">\n<h2 class=\"wp-block-heading\">PET SCAN<\/h2>\n\n\n\n<figure class=\"wp-block-image size-large\"><img decoding=\"async\" width=\"1024\" height=\"608\" src=\"https:\/\/cimof.fr\/wp-content\/uploads\/2023\/12\/GE-Healthcare-1024x608.png\" alt=\"\" class=\"wp-image-740\" srcset=\"https:\/\/www.cimof.fr\/wp-content\/uploads\/2023\/12\/GE-Healthcare-1024x608.png 1024w, https:\/\/www.cimof.fr\/wp-content\/uploads\/2023\/12\/GE-Healthcare-300x178.png 300w, https:\/\/www.cimof.fr\/wp-content\/uploads\/2023\/12\/GE-Healthcare-768x456.png 768w, https:\/\/www.cimof.fr\/wp-content\/uploads\/2023\/12\/GE-Healthcare.png 1393w\" sizes=\"(max-width: 1024px) 100vw, 1024px\" \/><\/figure>\n\n\n\n<p>PET<strong> scan <\/strong>is a medical imaging technic reveling cells and tissues metabolism. No allergy or side effect is expected. <\/p>\n\n\n\n<p>Many different moleculs are used; to assess different types of diseases, especially cancerous diseases, inflammatory diseases and infectious paythologies. .<\/p>\n\n\n\n<div class=\"wp-block-buttons is-content-justification-left is-layout-flex wp-container-core-buttons-is-layout-fdcfc74e wp-block-buttons-is-layout-flex\">\n<div class=\"wp-block-button is-style-btn-white\"><a class=\"wp-block-button__link wp-element-button\" href=\"https:\/\/cimof.fr\/tep-scan\/\">to know more<\/a><\/div>\n<\/div>\n<\/div>\n\n\n\n<div class=\"wp-block-column is-style-yellow-gradient is-layout-flow wp-block-column-is-layout-flow\">\n<h2 class=\"wp-block-heading\">Scintigraphy<\/h2>\n\n\n\n<figure class=\"wp-block-image size-full\"><img decoding=\"async\" width=\"1024\" height=\"640\" src=\"https:\/\/cimof.fr\/wp-content\/uploads\/2023\/12\/540bcucn.png\" alt=\"\" class=\"wp-image-746\" srcset=\"https:\/\/www.cimof.fr\/wp-content\/uploads\/2023\/12\/540bcucn.png 1024w, https:\/\/www.cimof.fr\/wp-content\/uploads\/2023\/12\/540bcucn-300x188.png 300w, https:\/\/www.cimof.fr\/wp-content\/uploads\/2023\/12\/540bcucn-768x480.png 768w\" sizes=\"(max-width: 1024px) 100vw, 1024px\" \/><\/figure>\n\n\n\n<p><strong>La scintigraphie s\u2019int\u00e9resse au m\u00e9tabolisme cellulaire, tissulaire ou des organes, gr\u00e2ce \u00e0 l\u2019injection de radiotraceur<\/strong>. <\/p>\n\n\n\n<p>Sans effet ind\u00e9sirable, cette faible dose de radioactivit\u00e9 permet de faire suivant le type d\u2019examen, le bilan du syst\u00e8me osseux, r\u00e9nal, endocrinien, cardiaque, etc.<\/p>\n\n\n\n<div style=\"height:47px\" aria-hidden=\"true\" class=\"wp-block-spacer\"><\/div>\n\n\n\n<div class=\"wp-block-buttons is-content-justification-left is-layout-flex wp-container-core-buttons-is-layout-fdcfc74e wp-block-buttons-is-layout-flex\">\n<div class=\"wp-block-button is-style-btn-yellow\"><a class=\"wp-block-button__link wp-element-button\" href=\"https:\/\/portal.venusshare.com\/diffusion\/sites\/cimof\/\" target=\"_blank\" rel=\"noreferrer noopener\">Booking<\/a><\/div>\n\n\n\n<div class=\"wp-block-button is-style-btn-white\"><a class=\"wp-block-button__link wp-element-button\" href=\"https:\/\/cimof.fr\/scintigraphie\/\">to know more<\/a><\/div>\n<\/div>\n<\/div>\n<\/div>\n\n\n\n<div class=\"wp-block-columns home-news-container is-layout-flex wp-container-core-columns-is-layout-9d6595d7 wp-block-columns-is-layout-flex\">\n<div class=\"wp-block-column home-news-infos is-layout-flow wp-block-column-is-layout-flow\" style=\"flex-basis:25%\">\n<h2 class=\"wp-block-heading\">Actualities<\/h2>\n\n\n\n<p><\/p>\n\n\n\n<p class=\"has-text-align-right has-small-font-size\"><a href=\"https:\/\/cimof.fr\/actualites-cimof\/\" data-type=\"page\" data-id=\"13\"><strong>Voir tout<\/strong><\/a><\/p>\n<\/div>\n\n\n\n<div class=\"wp-block-column is-layout-flow wp-block-column-is-layout-flow\" style=\"flex-basis:75%\">\n<div class=\"wp-block-query home-news swiper is-layout-flow wp-block-query-is-layout-flow\"><ul class=\"swiper-wrapper home-news-wrapper wp-block-post-template is-layout-flow wp-block-post-template-is-layout-flow\"><li class=\"wp-block-post post-971 post type-post status-publish format-standard has-post-thumbnail hentry category-our-values\">\n<h3 class=\"wp-block-post-title\">Apr\u00e8s novembre la lutte continue<\/h3>\n\n<div class=\"taxonomy-category taxonomy-categories wp-block-post-terms\"><a class=\"\"href=\"https:\/\/www.cimof.fr\/en\/categorie\/our-values\/\" rel=\"tag\">Our values<\/a><\/div>\n\n<div class=\"wp-block-post-excerpt\"><p class=\"wp-block-post-excerpt__excerpt\">Le CIMOF s&#8217;engage contre le Cancer de la prostate. D\u00e9couvrez le post Linkedin du CIMOF : <\/p><\/div>\n\n<a class=\"btn btn-red-arrow wp-block-read-more\" href=\"https:\/\/www.cimof.fr\/en\/apres-novembre-la-lutte-continue\/\" target=\"_self\">En savoir plus<span class=\"screen-reader-text\">: Apr\u00e8s novembre la lutte continue<\/span><\/a>\n<\/li><li class=\"wp-block-post post-945 post type-post status-publish format-standard has-post-thumbnail hentry category-news\">\n<h3 class=\"wp-block-post-title\">A new look for CIMOF !<\/h3>\n\n<div class=\"taxonomy-category taxonomy-categories wp-block-post-terms\"><a class=\"\"href=\"https:\/\/www.cimof.fr\/en\/categorie\/news\/\" rel=\"tag\">News<\/a><\/div>\n\n<div class=\"wp-block-post-excerpt\"><p class=\"wp-block-post-excerpt__excerpt\">In spring 2024, we will be relocating our department, still within the Clinique Pasteur, with renewed equipment at the cutting [&hellip;] <\/p><\/div>\n\n<a class=\"btn btn-red-arrow wp-block-read-more\" href=\"https:\/\/www.cimof.fr\/en\/a-new-look-for-cimof\/\" target=\"_self\">En savoir plus<span class=\"screen-reader-text\">: A new look for CIMOF !<\/span><\/a>\n<\/li><\/ul><\/div>\n<\/div>\n<\/div>\n","protected":false},"excerpt":{"rendered":"<p>Welcome to Vous \u00eates m\u00e9decin ? Acc\u00e9dez \u00e0 votre espace Centre d\u2019imagerie Mol\u00e9culaire et Fonctionnelle (CIMOF) : PET Scan &#8211; [&hellip;]<\/p>\n","protected":false},"author":1,"featured_media":932,"parent":0,"menu_order":0,"comment_status":"closed","ping_status":"closed","template":"","meta":{"footnotes":""},"class_list":["post-42","page","type-page","status-publish","has-post-thumbnail","hentry"],"yoast_head":"<!-- This site is optimized with the Yoast SEO plugin v27.3 - https:\/\/yoast.com\/product\/yoast-seo-wordpress\/ -->\n<title>Home - CIMOF - Services de M\u00e9decine Nucl\u00e9aire de Toulouse<\/title>\n<meta name=\"robots\" content=\"index, follow, max-snippet:-1, max-image-preview:large, max-video-preview:-1\" \/>\n<link rel=\"canonical\" href=\"https:\/\/www.cimof.fr\/en\/\" \/>\n<meta property=\"og:locale\" content=\"en_US\" \/>\n<meta property=\"og:type\" content=\"article\" \/>\n<meta property=\"og:title\" content=\"Home - CIMOF - Services de M\u00e9decine Nucl\u00e9aire de Toulouse\" \/>\n<meta property=\"og:description\" content=\"Welcome to Vous \u00eates m\u00e9decin ? Acc\u00e9dez \u00e0 votre espace Centre d\u2019imagerie Mol\u00e9culaire et Fonctionnelle (CIMOF) : PET Scan &#8211; [&hellip;]\" \/>\n<meta property=\"og:url\" content=\"https:\/\/www.cimof.fr\/en\/\" \/>\n<meta property=\"og:site_name\" content=\"CIMOF - Services de M\u00e9decine Nucl\u00e9aire de Toulouse\" \/>\n<meta property=\"article:modified_time\" content=\"2023-12-12T08:37:36+00:00\" \/>\n<meta property=\"og:image\" content=\"https:\/\/www.cimof.fr\/wp-content\/uploads\/2023\/12\/CIMOF-Scanner-Medical-TepScan-AdobeStock_249817238-Recadree-v2.1-1024x610.png\" \/>\n\t<meta property=\"og:image:width\" content=\"1024\" \/>\n\t<meta property=\"og:image:height\" content=\"610\" \/>\n\t<meta property=\"og:image:type\" content=\"image\/png\" \/>\n<meta name=\"twitter:card\" content=\"summary_large_image\" \/>\n<meta name=\"twitter:label1\" content=\"Est. reading time\" \/>\n\t<meta name=\"twitter:data1\" content=\"1 minute\" \/>\n<script type=\"application\/ld+json\" class=\"yoast-schema-graph\">{\"@context\":\"https:\\\/\\\/schema.org\",\"@graph\":[{\"@type\":\"WebPage\",\"@id\":\"https:\\\/\\\/www.cimof.fr\\\/en\\\/\",\"url\":\"https:\\\/\\\/www.cimof.fr\\\/en\\\/\",\"name\":\"Home - CIMOF - Services de M\u00e9decine Nucl\u00e9aire de Toulouse\",\"isPartOf\":{\"@id\":\"https:\\\/\\\/www.cimof.fr\\\/#website\"},\"primaryImageOfPage\":{\"@id\":\"https:\\\/\\\/www.cimof.fr\\\/en\\\/#primaryimage\"},\"image\":{\"@id\":\"https:\\\/\\\/www.cimof.fr\\\/en\\\/#primaryimage\"},\"thumbnailUrl\":\"https:\\\/\\\/www.cimof.fr\\\/wp-content\\\/uploads\\\/2023\\\/12\\\/CIMOF-Scanner-Medical-TepScan-AdobeStock_249817238-Recadree-v2.1.png\",\"datePublished\":\"2023-08-10T15:15:22+00:00\",\"dateModified\":\"2023-12-12T08:37:36+00:00\",\"breadcrumb\":{\"@id\":\"https:\\\/\\\/www.cimof.fr\\\/en\\\/#breadcrumb\"},\"inLanguage\":\"en-US\",\"potentialAction\":[{\"@type\":\"ReadAction\",\"target\":[\"https:\\\/\\\/www.cimof.fr\\\/en\\\/\"]}]},{\"@type\":\"ImageObject\",\"inLanguage\":\"en-US\",\"@id\":\"https:\\\/\\\/www.cimof.fr\\\/en\\\/#primaryimage\",\"url\":\"https:\\\/\\\/www.cimof.fr\\\/wp-content\\\/uploads\\\/2023\\\/12\\\/CIMOF-Scanner-Medical-TepScan-AdobeStock_249817238-Recadree-v2.1.png\",\"contentUrl\":\"https:\\\/\\\/www.cimof.fr\\\/wp-content\\\/uploads\\\/2023\\\/12\\\/CIMOF-Scanner-Medical-TepScan-AdobeStock_249817238-Recadree-v2.1.png\",\"width\":5742,\"height\":3419},{\"@type\":\"BreadcrumbList\",\"@id\":\"https:\\\/\\\/www.cimof.fr\\\/en\\\/#breadcrumb\",\"itemListElement\":[{\"@type\":\"ListItem\",\"position\":1,\"name\":\"Accueil\",\"item\":\"https:\\\/\\\/www.cimof.fr\\\/en\\\/\"},{\"@type\":\"ListItem\",\"position\":2,\"name\":\"Home\"}]},{\"@type\":\"WebSite\",\"@id\":\"https:\\\/\\\/www.cimof.fr\\\/#website\",\"url\":\"https:\\\/\\\/www.cimof.fr\\\/\",\"name\":\"CIMOF - Services de M\u00e9decine Nucl\u00e9aire de Toulouse\",\"description\":\"\",\"publisher\":{\"@id\":\"https:\\\/\\\/www.cimof.fr\\\/#organization\"},\"potentialAction\":[{\"@type\":\"SearchAction\",\"target\":{\"@type\":\"EntryPoint\",\"urlTemplate\":\"https:\\\/\\\/www.cimof.fr\\\/?s={search_term_string}\"},\"query-input\":{\"@type\":\"PropertyValueSpecification\",\"valueRequired\":true,\"valueName\":\"search_term_string\"}}],\"inLanguage\":\"en-US\"},{\"@type\":\"Organization\",\"@id\":\"https:\\\/\\\/www.cimof.fr\\\/#organization\",\"name\":\"CIMOF - Services de M\u00e9decine Nucl\u00e9aire de Toulouse\",\"url\":\"https:\\\/\\\/www.cimof.fr\\\/\",\"logo\":{\"@type\":\"ImageObject\",\"inLanguage\":\"en-US\",\"@id\":\"https:\\\/\\\/www.cimof.fr\\\/#\\\/schema\\\/logo\\\/image\\\/\",\"url\":\"https:\\\/\\\/www.cimof.fr\\\/wp-content\\\/uploads\\\/2023\\\/10\\\/logo_cimof.png\",\"contentUrl\":\"https:\\\/\\\/www.cimof.fr\\\/wp-content\\\/uploads\\\/2023\\\/10\\\/logo_cimof.png\",\"width\":4111,\"height\":1347,\"caption\":\"CIMOF - Services de M\u00e9decine Nucl\u00e9aire de Toulouse\"},\"image\":{\"@id\":\"https:\\\/\\\/www.cimof.fr\\\/#\\\/schema\\\/logo\\\/image\\\/\"}}]}<\/script>\n<!-- \/ Yoast SEO plugin. -->","yoast_head_json":{"title":"Home - CIMOF - Services de M\u00e9decine Nucl\u00e9aire de Toulouse","robots":{"index":"index","follow":"follow","max-snippet":"max-snippet:-1","max-image-preview":"max-image-preview:large","max-video-preview":"max-video-preview:-1"},"canonical":"https:\/\/www.cimof.fr\/en\/","og_locale":"en_US","og_type":"article","og_title":"Home - CIMOF - Services de M\u00e9decine Nucl\u00e9aire de Toulouse","og_description":"Welcome to Vous \u00eates m\u00e9decin ? Acc\u00e9dez \u00e0 votre espace Centre d\u2019imagerie Mol\u00e9culaire et Fonctionnelle (CIMOF) : PET Scan &#8211; [&hellip;]","og_url":"https:\/\/www.cimof.fr\/en\/","og_site_name":"CIMOF - Services de M\u00e9decine Nucl\u00e9aire de Toulouse","article_modified_time":"2023-12-12T08:37:36+00:00","og_image":[{"width":1024,"height":610,"url":"https:\/\/www.cimof.fr\/wp-content\/uploads\/2023\/12\/CIMOF-Scanner-Medical-TepScan-AdobeStock_249817238-Recadree-v2.1-1024x610.png","type":"image\/png"}],"twitter_card":"summary_large_image","twitter_misc":{"Est. reading time":"1 minute"},"schema":{"@context":"https:\/\/schema.org","@graph":[{"@type":"WebPage","@id":"https:\/\/www.cimof.fr\/en\/","url":"https:\/\/www.cimof.fr\/en\/","name":"Home - CIMOF - Services de M\u00e9decine Nucl\u00e9aire de Toulouse","isPartOf":{"@id":"https:\/\/www.cimof.fr\/#website"},"primaryImageOfPage":{"@id":"https:\/\/www.cimof.fr\/en\/#primaryimage"},"image":{"@id":"https:\/\/www.cimof.fr\/en\/#primaryimage"},"thumbnailUrl":"https:\/\/www.cimof.fr\/wp-content\/uploads\/2023\/12\/CIMOF-Scanner-Medical-TepScan-AdobeStock_249817238-Recadree-v2.1.png","datePublished":"2023-08-10T15:15:22+00:00","dateModified":"2023-12-12T08:37:36+00:00","breadcrumb":{"@id":"https:\/\/www.cimof.fr\/en\/#breadcrumb"},"inLanguage":"en-US","potentialAction":[{"@type":"ReadAction","target":["https:\/\/www.cimof.fr\/en\/"]}]},{"@type":"ImageObject","inLanguage":"en-US","@id":"https:\/\/www.cimof.fr\/en\/#primaryimage","url":"https:\/\/www.cimof.fr\/wp-content\/uploads\/2023\/12\/CIMOF-Scanner-Medical-TepScan-AdobeStock_249817238-Recadree-v2.1.png","contentUrl":"https:\/\/www.cimof.fr\/wp-content\/uploads\/2023\/12\/CIMOF-Scanner-Medical-TepScan-AdobeStock_249817238-Recadree-v2.1.png","width":5742,"height":3419},{"@type":"BreadcrumbList","@id":"https:\/\/www.cimof.fr\/en\/#breadcrumb","itemListElement":[{"@type":"ListItem","position":1,"name":"Accueil","item":"https:\/\/www.cimof.fr\/en\/"},{"@type":"ListItem","position":2,"name":"Home"}]},{"@type":"WebSite","@id":"https:\/\/www.cimof.fr\/#website","url":"https:\/\/www.cimof.fr\/","name":"CIMOF - Services de M\u00e9decine Nucl\u00e9aire de Toulouse","description":"","publisher":{"@id":"https:\/\/www.cimof.fr\/#organization"},"potentialAction":[{"@type":"SearchAction","target":{"@type":"EntryPoint","urlTemplate":"https:\/\/www.cimof.fr\/?s={search_term_string}"},"query-input":{"@type":"PropertyValueSpecification","valueRequired":true,"valueName":"search_term_string"}}],"inLanguage":"en-US"},{"@type":"Organization","@id":"https:\/\/www.cimof.fr\/#organization","name":"CIMOF - Services de M\u00e9decine Nucl\u00e9aire de Toulouse","url":"https:\/\/www.cimof.fr\/","logo":{"@type":"ImageObject","inLanguage":"en-US","@id":"https:\/\/www.cimof.fr\/#\/schema\/logo\/image\/","url":"https:\/\/www.cimof.fr\/wp-content\/uploads\/2023\/10\/logo_cimof.png","contentUrl":"https:\/\/www.cimof.fr\/wp-content\/uploads\/2023\/10\/logo_cimof.png","width":4111,"height":1347,"caption":"CIMOF - Services de M\u00e9decine Nucl\u00e9aire de Toulouse"},"image":{"@id":"https:\/\/www.cimof.fr\/#\/schema\/logo\/image\/"}}]}},"_links":{"self":[{"href":"https:\/\/www.cimof.fr\/en\/wp-json\/wp\/v2\/pages\/42","targetHints":{"allow":["GET"]}}],"collection":[{"href":"https:\/\/www.cimof.fr\/en\/wp-json\/wp\/v2\/pages"}],"about":[{"href":"https:\/\/www.cimof.fr\/en\/wp-json\/wp\/v2\/types\/page"}],"author":[{"embeddable":true,"href":"https:\/\/www.cimof.fr\/en\/wp-json\/wp\/v2\/users\/1"}],"replies":[{"embeddable":true,"href":"https:\/\/www.cimof.fr\/en\/wp-json\/wp\/v2\/comments?post=42"}],"version-history":[{"count":4,"href":"https:\/\/www.cimof.fr\/en\/wp-json\/wp\/v2\/pages\/42\/revisions"}],"predecessor-version":[{"id":777,"href":"https:\/\/www.cimof.fr\/en\/wp-json\/wp\/v2\/pages\/42\/revisions\/777"}],"wp:featuredmedia":[{"embeddable":true,"href":"https:\/\/www.cimof.fr\/en\/wp-json\/wp\/v2\/media\/932"}],"wp:attachment":[{"href":"https:\/\/www.cimof.fr\/en\/wp-json\/wp\/v2\/media?parent=42"}],"curies":[{"name":"wp","href":"https:\/\/api.w.org\/{rel}","templated":true}]}}